{"id":476,"date":"2021-03-10T13:10:45","date_gmt":"2021-03-10T13:10:45","guid":{"rendered":"https:\/\/matum.fr\/?page_id=476"},"modified":"2023-07-08T10:28:07","modified_gmt":"2023-07-08T09:28:07","slug":"info","status":"publish","type":"page","link":"https:\/\/matum.fr\/en\/info","title":{"rendered":"Info"},"content":{"rendered":"<div data-elementor-type=\"wp-page\" data-elementor-id=\"476\" class=\"elementor elementor-476\">\n\t\t\t\t\t\t\t\t\t<section class=\"elementor-section elementor-top-section elementor-element elementor-element-95ddd39 elementor-section-boxed elementor-section-height-default elementor-section-height-default\" data-id=\"95ddd39\" data-element_type=\"section\">\n\t\t\t\t\t\t<div class=\"elementor-container elementor-column-gap-default\">\n\t\t\t\t\t<div class=\"elementor-column elementor-col-100 elementor-top-column elementor-element elementor-element-346e04c\" data-id=\"346e04c\" data-element_type=\"column\">\n\t\t\t<div class=\"elementor-widget-wrap elementor-element-populated\">\n\t\t\t\t\t\t\t\t<div class=\"elementor-element elementor-element-c56d75b elementor-widget elementor-widget-spacer\" data-id=\"c56d75b\" data-element_type=\"widget\" data-widget_type=\"spacer.default\">\n\t\t\t\t<div class=\"elementor-widget-container\">\n\t\t\t\t\t<div class=\"elementor-spacer\">\n\t\t\t<div class=\"elementor-spacer-inner\"><\/div>\n\t\t<\/div>\n\t\t\t\t<\/div>\n\t\t\t\t<\/div>\n\t\t\t\t\t<\/div>\n\t\t<\/div>\n\t\t\t\t\t\t\t<\/div>\n\t\t<\/section>\n\t\t\t\t<section class=\"elementor-section elementor-top-section elementor-element elementor-element-744838e1 elementor-section-content-middle elementor-section-boxed elementor-section-height-default elementor-section-height-default\" data-id=\"744838e1\" data-element_type=\"section\" data-settings=\"{&quot;animation&quot;:&quot;none&quot;}\">\n\t\t\t\t\t\t\t<div class=\"elementor-background-overlay\"><\/div>\n\t\t\t\t\t\t\t<div class=\"elementor-container elementor-column-gap-no\">\n\t\t\t\t\t<div class=\"elementor-column elementor-col-33 elementor-top-column elementor-element elementor-element-45d7d5f0\" data-id=\"45d7d5f0\" data-element_type=\"column\">\n\t\t\t<div class=\"elementor-widget-wrap elementor-element-populated\">\n\t\t\t\t\t\t\t\t<div class=\"elementor-element elementor-element-ab2dd92 elementor-widget elementor-widget-text-editor\" data-id=\"ab2dd92\" data-element_type=\"widget\" data-widget_type=\"text-editor.default\">\n\t\t\t\t<div class=\"elementor-widget-container\">\n\t\t\t\t\t\t\t<p>Who are we ?<\/p>\t\t\t\t\t\t<\/div>\n\t\t\t\t<\/div>\n\t\t\t\t<div class=\"elementor-element elementor-element-459826b7 elementor-invisible elementor-widget elementor-widget-heading\" data-id=\"459826b7\" data-element_type=\"widget\" data-settings=\"{&quot;_animation&quot;:&quot;fadeIn&quot;}\" data-widget_type=\"heading.default\">\n\t\t\t\t<div class=\"elementor-widget-container\">\n\t\t\t<h3 class=\"elementor-heading-title elementor-size-default\">Un couple passionn\u00e9 de plantes, reptiles, et terrariums.<\/h3>\t\t<\/div>\n\t\t\t\t<\/div>\n\t\t\t\t<div class=\"elementor-element elementor-element-44091982 elementor-widget-divider--view-line elementor-widget elementor-widget-divider\" data-id=\"44091982\" data-element_type=\"widget\" data-widget_type=\"divider.default\">\n\t\t\t\t<div class=\"elementor-widget-container\">\n\t\t\t\t\t<div class=\"elementor-divider\">\n\t\t\t<span class=\"elementor-divider-separator\">\n\t\t\t\t\t\t<\/span>\n\t\t<\/div>\n\t\t\t\t<\/div>\n\t\t\t\t<\/div>\n\t\t\t\t\t<\/div>\n\t\t<\/div>\n\t\t\t\t<div class=\"elementor-column elementor-col-33 elementor-top-column elementor-element elementor-element-5f470ce\" data-id=\"5f470ce\" data-element_type=\"column\">\n\t\t\t<div class=\"elementor-widget-wrap elementor-element-populated\">\n\t\t\t\t\t\t\t\t<div class=\"elementor-element elementor-element-144ea583 elementor-invisible elementor-widget elementor-widget-image\" data-id=\"144ea583\" data-element_type=\"widget\" data-settings=\"{&quot;_animation&quot;:&quot;fadeInUp&quot;}\" data-widget_type=\"image.default\">\n\t\t\t\t<div class=\"elementor-widget-container\">\n\t\t\t\t\t\t\t\t\t\t\t\t\t\t\t<img loading=\"lazy\" decoding=\"async\" width=\"1090\" height=\"1500\" src=\"https:\/\/matum.fr\/wp-content\/uploads\/2021\/03\/MAT0247-Modifier.jpg\" class=\"elementor-animation-grow attachment-full size-full wp-image-694\" alt=\"Mathieu Pierret\" srcset=\"https:\/\/matum.fr\/wp-content\/uploads\/2021\/03\/MAT0247-Modifier.jpg 1090w, https:\/\/matum.fr\/wp-content\/uploads\/2021\/03\/MAT0247-Modifier-218x300.jpg 218w, https:\/\/matum.fr\/wp-content\/uploads\/2021\/03\/MAT0247-Modifier-744x1024.jpg 744w, https:\/\/matum.fr\/wp-content\/uploads\/2021\/03\/MAT0247-Modifier-768x1057.jpg 768w, https:\/\/matum.fr\/wp-content\/uploads\/2021\/03\/MAT0247-Modifier-9x12.jpg 9w, https:\/\/matum.fr\/wp-content\/uploads\/2021\/03\/MAT0247-Modifier-600x826.jpg 600w\" sizes=\"auto, (max-width: 1090px) 100vw, 1090px\" \/>\t\t\t\t\t\t\t\t\t\t\t\t\t\t\t<\/div>\n\t\t\t\t<\/div>\n\t\t\t\t<div class=\"elementor-element elementor-element-5bb94d5d elementor-invisible elementor-widget elementor-widget-text-editor\" data-id=\"5bb94d5d\" data-element_type=\"widget\" data-settings=\"{&quot;_animation&quot;:&quot;fadeInUp&quot;}\" data-widget_type=\"text-editor.default\">\n\t\t\t\t<div class=\"elementor-widget-container\">\n\t\t\t\t\t\t\t<p style=\"text-align: center;\"><strong>Mathieu Pierret<\/strong><\/p><p>Fondateur de matum.<\/p><p>Biologiste de formation, je suis fascin\u00e9 par le vivant depuis toujours. Je cr\u00e9\u00e9 des terrariums depuis 2004 afin d&rsquo;h\u00e9berger les animaux et les plantes qui me passionnent.<\/p>\t\t\t\t\t\t<\/div>\n\t\t\t\t<\/div>\n\t\t\t\t\t<\/div>\n\t\t<\/div>\n\t\t\t\t<div class=\"elementor-column elementor-col-33 elementor-top-column elementor-element elementor-element-4f82924a\" data-id=\"4f82924a\" data-element_type=\"column\">\n\t\t\t<div class=\"elementor-widget-wrap elementor-element-populated\">\n\t\t\t\t\t\t\t\t<div class=\"elementor-element elementor-element-304b2bb7 elementor-invisible elementor-widget elementor-widget-text-editor\" data-id=\"304b2bb7\" data-element_type=\"widget\" data-settings=\"{&quot;_animation&quot;:&quot;fadeInDown&quot;}\" data-widget_type=\"text-editor.default\">\n\t\t\t\t<div class=\"elementor-widget-container\">\n\t\t\t\t\t\t\t<p style=\"text-align: center;\"><strong>Amandine Morand\u00a0<\/strong><\/p><p>Biologiste elle aussi, Amandine d\u00e9couvre la terrariophilie lors de notre rencontre en 2015. Elle me rejoint rapidement dans cette passion et est aujourd&rsquo;hui une associ\u00e9e tr\u00e8s pr\u00e9cieuse.<\/p>\t\t\t\t\t\t<\/div>\n\t\t\t\t<\/div>\n\t\t\t\t<div class=\"elementor-element elementor-element-746b6bb6 elementor-invisible elementor-widget elementor-widget-image\" data-id=\"746b6bb6\" data-element_type=\"widget\" data-settings=\"{&quot;_animation&quot;:&quot;fadeInDown&quot;}\" data-widget_type=\"image.default\">\n\t\t\t\t<div class=\"elementor-widget-container\">\n\t\t\t\t\t\t\t\t\t\t\t\t\t\t\t<img loading=\"lazy\" decoding=\"async\" width=\"1090\" height=\"1500\" src=\"https:\/\/matum.fr\/wp-content\/uploads\/2021\/03\/MAT0235-Modifier.jpg\" class=\"elementor-animation-grow attachment-full size-full wp-image-693\" alt=\"Amandine Morand\" srcset=\"https:\/\/matum.fr\/wp-content\/uploads\/2021\/03\/MAT0235-Modifier.jpg 1090w, https:\/\/matum.fr\/wp-content\/uploads\/2021\/03\/MAT0235-Modifier-218x300.jpg 218w, https:\/\/matum.fr\/wp-content\/uploads\/2021\/03\/MAT0235-Modifier-744x1024.jpg 744w, https:\/\/matum.fr\/wp-content\/uploads\/2021\/03\/MAT0235-Modifier-768x1057.jpg 768w, https:\/\/matum.fr\/wp-content\/uploads\/2021\/03\/MAT0235-Modifier-9x12.jpg 9w, https:\/\/matum.fr\/wp-content\/uploads\/2021\/03\/MAT0235-Modifier-600x826.jpg 600w\" sizes=\"auto, (max-width: 1090px) 100vw, 1090px\" \/>\t\t\t\t\t\t\t\t\t\t\t\t\t\t\t<\/div>\n\t\t\t\t<\/div>\n\t\t\t\t\t<\/div>\n\t\t<\/div>\n\t\t\t\t\t\t\t<\/div>\n\t\t<\/section>\n\t\t\t\t<section class=\"elementor-section elementor-top-section elementor-element elementor-element-d653f71 elementor-section-boxed elementor-section-height-default elementor-section-height-default\" data-id=\"d653f71\" data-element_type=\"section\">\n\t\t\t\t\t\t<div class=\"elementor-container elementor-column-gap-default\">\n\t\t\t\t\t<div class=\"elementor-column elementor-col-100 elementor-top-column elementor-element elementor-element-83cdf7c\" data-id=\"83cdf7c\" data-element_type=\"column\">\n\t\t\t<div class=\"elementor-widget-wrap elementor-element-populated\">\n\t\t\t\t\t\t\t\t<div class=\"elementor-element elementor-element-a3446ab elementor-invisible elementor-widget elementor-widget-text-editor\" data-id=\"a3446ab\" data-element_type=\"widget\" data-settings=\"{&quot;_animation&quot;:&quot;fadeInLeft&quot;}\" data-widget_type=\"text-editor.default\">\n\t\t\t\t<div class=\"elementor-widget-container\">\n\t\t\t\t\t\t\t<p>matum, c&rsquo;est quoi\u00a0 ?<\/p>\t\t\t\t\t\t<\/div>\n\t\t\t\t<\/div>\n\t\t\t\t\t<\/div>\n\t\t<\/div>\n\t\t\t\t\t\t\t<\/div>\n\t\t<\/section>\n\t\t\t\t<section class=\"elementor-section elementor-top-section elementor-element elementor-element-0cd02e8 elementor-section-boxed elementor-section-height-default elementor-section-height-default\" data-id=\"0cd02e8\" data-element_type=\"section\">\n\t\t\t\t\t\t<div class=\"elementor-container elementor-column-gap-default\">\n\t\t\t\t\t<div class=\"elementor-column elementor-col-100 elementor-top-column elementor-element elementor-element-0946eab\" data-id=\"0946eab\" data-element_type=\"column\">\n\t\t\t<div class=\"elementor-widget-wrap elementor-element-populated\">\n\t\t\t\t\t\t\t\t<div class=\"elementor-element elementor-element-c1bc7b2 elementor-invisible elementor-widget elementor-widget-text-editor\" data-id=\"c1bc7b2\" data-element_type=\"widget\" data-settings=\"{&quot;_animation&quot;:&quot;fadeInRight&quot;}\" data-widget_type=\"text-editor.default\">\n\t\t\t\t<div class=\"elementor-widget-container\">\n\t\t\t\t\t\t\t<p style=\"padding-left: 40px;\">Le nom a pour origine la fusion entre <span style=\"text-decoration: underline;\"><strong>Mat<\/strong><\/span>hieu et terrari<strong><span style=\"text-decoration: underline;\">um<\/span><\/strong>.<br><span style=\"font-style: inherit; font-weight: inherit;\">Ce site a pour vocation de partager notre passion pour&nbsp;<\/span><span style=\"font-style: inherit; font-weight: inherit;\">la flore et l&rsquo;herp\u00e9tofaune exotique par l&rsquo;interm\u00e9diaire de trois disciplines :<\/span><\/p>\n<p style=\"padding-left: 80px;\">1 \u2013 La photographie, pour immortaliser la beaut\u00e9 du monde vivant.<\/p>\n<p style=\"padding-left: 80px;\">2 \u2013 La biologie, pour comprendre sa complexit\u00e9.<\/p>\n<p style=\"padding-left: 80px;\">3 \u2013 La terrariophilie, pour la cr\u00e9ativit\u00e9, l&rsquo;observation, et l&rsquo;\u00e9merveillement quotidien.<\/p>\t\t\t\t\t\t<\/div>\n\t\t\t\t<\/div>\n\t\t\t\t\t<\/div>\n\t\t<\/div>\n\t\t\t\t\t\t\t<\/div>\n\t\t<\/section>\n\t\t\t\t<section class=\"elementor-section elementor-top-section elementor-element elementor-element-5f3311e elementor-section-boxed elementor-section-height-default elementor-section-height-default\" data-id=\"5f3311e\" data-element_type=\"section\">\n\t\t\t\t\t\t<div class=\"elementor-container elementor-column-gap-default\">\n\t\t\t\t\t<div class=\"elementor-column elementor-col-100 elementor-top-column elementor-element elementor-element-c9ede4c\" data-id=\"c9ede4c\" data-element_type=\"column\">\n\t\t\t<div class=\"elementor-widget-wrap elementor-element-populated\">\n\t\t\t\t\t\t\t\t<div class=\"elementor-element elementor-element-ea31d38 elementor-widget elementor-widget-spacer\" data-id=\"ea31d38\" data-element_type=\"widget\" data-widget_type=\"spacer.default\">\n\t\t\t\t<div class=\"elementor-widget-container\">\n\t\t\t\t\t<div class=\"elementor-spacer\">\n\t\t\t<div class=\"elementor-spacer-inner\"><\/div>\n\t\t<\/div>\n\t\t\t\t<\/div>\n\t\t\t\t<\/div>\n\t\t\t\t\t<\/div>\n\t\t<\/div>\n\t\t\t\t\t\t\t<\/div>\n\t\t<\/section>\n\t\t\t\t<section class=\"elementor-section elementor-top-section elementor-element elementor-element-cd912c6 elementor-section-boxed elementor-section-height-default elementor-section-height-default elementor-invisible\" data-id=\"cd912c6\" data-element_type=\"section\" data-settings=\"{&quot;animation&quot;:&quot;fadeInLeft&quot;}\">\n\t\t\t\t\t\t<div class=\"elementor-container elementor-column-gap-default\">\n\t\t\t\t\t<div class=\"elementor-column elementor-col-100 elementor-top-column elementor-element elementor-element-68a8e26\" data-id=\"68a8e26\" data-element_type=\"column\">\n\t\t\t<div class=\"elementor-widget-wrap elementor-element-populated\">\n\t\t\t\t\t\t\t\t<div class=\"elementor-element elementor-element-92e55c8 elementor-widget elementor-widget-text-editor\" data-id=\"92e55c8\" data-element_type=\"widget\" data-widget_type=\"text-editor.default\">\n\t\t\t\t<div class=\"elementor-widget-container\">\n\t\t\t\t\t\t\t<p>puis-je faire des achats ?<\/p>\t\t\t\t\t\t<\/div>\n\t\t\t\t<\/div>\n\t\t\t\t\t<\/div>\n\t\t<\/div>\n\t\t\t\t\t\t\t<\/div>\n\t\t<\/section>\n\t\t\t\t<section class=\"elementor-section elementor-top-section elementor-element elementor-element-dc06e25 elementor-section-boxed elementor-section-height-default elementor-section-height-default elementor-invisible\" data-id=\"dc06e25\" data-element_type=\"section\" data-settings=\"{&quot;animation&quot;:&quot;fadeIn&quot;}\">\n\t\t\t\t\t\t<div class=\"elementor-container elementor-column-gap-default\">\n\t\t\t\t\t<div class=\"elementor-column elementor-col-100 elementor-top-column elementor-element elementor-element-8b15818\" data-id=\"8b15818\" data-element_type=\"column\">\n\t\t\t<div class=\"elementor-widget-wrap elementor-element-populated\">\n\t\t\t\t\t\t\t\t<div class=\"elementor-element elementor-element-a402db5 elementor-invisible elementor-widget elementor-widget-text-editor\" data-id=\"a402db5\" data-element_type=\"widget\" data-settings=\"{&quot;_animation&quot;:&quot;fadeInRight&quot;}\" data-widget_type=\"text-editor.default\">\n\t\t\t\t<div class=\"elementor-widget-container\">\n\t\t\t\t\t\t\t<p style=\"padding-left: 40px;\">Ce site ne vend rien directement. Certaines sections peuvent pr\u00e9senter des disponibilit\u00e9s, mais toute demande passe par un premier contact par e-mail ou via les r\u00e9seaux sociaux.\u00a0<\/p>\t\t\t\t\t\t<\/div>\n\t\t\t\t<\/div>\n\t\t\t\t\t<\/div>\n\t\t<\/div>\n\t\t\t\t\t\t\t<\/div>\n\t\t<\/section>\n\t\t\t\t<section class=\"elementor-section elementor-top-section elementor-element elementor-element-5ba363b elementor-section-boxed elementor-section-height-default elementor-section-height-default\" data-id=\"5ba363b\" data-element_type=\"section\">\n\t\t\t\t\t\t<div class=\"elementor-container elementor-column-gap-default\">\n\t\t\t\t\t<div class=\"elementor-column elementor-col-100 elementor-top-column elementor-element elementor-element-f64bf4a\" data-id=\"f64bf4a\" data-element_type=\"column\">\n\t\t\t<div class=\"elementor-widget-wrap elementor-element-populated\">\n\t\t\t\t\t\t\t\t<div class=\"elementor-element elementor-element-4d8c8e8 elementor-widget elementor-widget-spacer\" data-id=\"4d8c8e8\" data-element_type=\"widget\" data-widget_type=\"spacer.default\">\n\t\t\t\t<div class=\"elementor-widget-container\">\n\t\t\t\t\t<div class=\"elementor-spacer\">\n\t\t\t<div class=\"elementor-spacer-inner\"><\/div>\n\t\t<\/div>\n\t\t\t\t<\/div>\n\t\t\t\t<\/div>\n\t\t\t\t\t<\/div>\n\t\t<\/div>\n\t\t\t\t\t\t\t<\/div>\n\t\t<\/section>\n\t\t\t\t<section class=\"elementor-section elementor-top-section elementor-element elementor-element-768388b elementor-section-boxed elementor-section-height-default elementor-section-height-default elementor-invisible\" data-id=\"768388b\" data-element_type=\"section\" data-settings=\"{&quot;animation&quot;:&quot;fadeInLeft&quot;}\">\n\t\t\t\t\t\t<div class=\"elementor-container elementor-column-gap-default\">\n\t\t\t\t\t<div class=\"elementor-column elementor-col-100 elementor-top-column elementor-element elementor-element-f2e19ab\" data-id=\"f2e19ab\" data-element_type=\"column\">\n\t\t\t<div class=\"elementor-widget-wrap elementor-element-populated\">\n\t\t\t\t\t\t\t\t<div class=\"elementor-element elementor-element-56b500d elementor-widget elementor-widget-text-editor\" data-id=\"56b500d\" data-element_type=\"widget\" data-widget_type=\"text-editor.default\">\n\t\t\t\t<div class=\"elementor-widget-container\">\n\t\t\t\t\t\t\t<p>j&rsquo;ai une autre question<\/p>\t\t\t\t\t\t<\/div>\n\t\t\t\t<\/div>\n\t\t\t\t\t<\/div>\n\t\t<\/div>\n\t\t\t\t\t\t\t<\/div>\n\t\t<\/section>\n\t\t\t\t<section class=\"elementor-section elementor-top-section elementor-element elementor-element-8518bdb elementor-section-boxed elementor-section-height-default elementor-section-height-default\" data-id=\"8518bdb\" data-element_type=\"section\">\n\t\t\t\t\t\t<div class=\"elementor-container elementor-column-gap-default\">\n\t\t\t\t\t<div class=\"elementor-column elementor-col-100 elementor-top-column elementor-element elementor-element-d7a18e0\" data-id=\"d7a18e0\" data-element_type=\"column\">\n\t\t\t<div class=\"elementor-widget-wrap elementor-element-populated\">\n\t\t\t\t\t\t\t\t<div class=\"elementor-element elementor-element-ec44f87 elementor-invisible elementor-widget elementor-widget-text-editor\" data-id=\"ec44f87\" data-element_type=\"widget\" data-settings=\"{&quot;_animation&quot;:&quot;fadeInRight&quot;}\" data-widget_type=\"text-editor.default\">\n\t\t\t\t<div class=\"elementor-widget-container\">\n\t\t\t\t\t\t\t<p style=\"padding-left: 40px;\">Vous souhaitez r\u00e9agir \u00e0 un article,<br \/><span style=\"font-style: inherit; font-weight: inherit; letter-spacing: 0px;\">Vous cherchez des conseils sur l&rsquo;entretien d&rsquo;une plante,<br \/><\/span><span style=\"font-style: inherit; font-weight: inherit; letter-spacing: 0px;\">Vous aimeriez savoir quel mat\u00e9riel j&rsquo;utilise pour faire des photos ?<\/span><\/p><p style=\"padding-left: 40px;\">Je r\u00e9ponds avec plaisir \u00e0 toutes vos demandes \ud83d\ude42<\/p><p style=\"padding-left: 40px;\"><span style=\"color: #33cccc;\"><a style=\"color: #33cccc;\" href=\"https:\/\/matum.fr\/en\/contact\/\">Envoyez-moi un message<\/a><\/span><\/p><p style=\"padding-left: 40px;\">\u00a0<\/p>\t\t\t\t\t\t<\/div>\n\t\t\t\t<\/div>\n\t\t\t\t\t<\/div>\n\t\t<\/div>\n\t\t\t\t\t\t\t<\/div>\n\t\t<\/section>\n\t\t\t\t\t\t\t<\/div>","protected":false},"excerpt":{"rendered":"<p>Qui Sommes nous ? Un couple passionn\u00e9 de plantes, reptiles, et terrariums. Mathieu Pierret Fondateur de matum. Biologiste de formation, je suis fascin\u00e9 par le vivant depuis toujours. Je cr\u00e9\u00e9 des terrariums depuis 2004 afin d&rsquo;h\u00e9berger les animaux et les plantes qui me passionnent. Amandine Morand\u00a0 Biologiste elle aussi, Amandine d\u00e9couvre la terrariophilie lors de &hellip;<\/p>\n<p class=\"read-more\"> <a class=\"\" href=\"https:\/\/matum.fr\/en\/info\"> <span class=\"screen-reader-text\">Info<\/span> Read More &raquo;<\/a><\/p>","protected":false},"author":1,"featured_media":0,"parent":0,"menu_order":0,"comment_status":"closed","ping_status":"closed","template":"","meta":{"site-sidebar-layout":"no-sidebar","site-content-layout":"page-builder","ast-global-header-display":"","ast-banner-title-visibility":"","ast-main-header-display":"","ast-hfb-above-header-display":"","ast-hfb-below-header-display":"","ast-hfb-mobile-header-display":"","site-post-title":"disabled","ast-breadcrumbs-content":"","ast-featured-img":"disabled","footer-sml-layout":"","theme-transparent-header-meta":"","adv-header-id-meta":"","stick-header-meta":"","header-above-stick-meta":"","header-main-stick-meta":"","header-below-stick-meta":"","footnotes":""},"class_list":["post-476","page","type-page","status-publish","hentry"],"_links":{"self":[{"href":"https:\/\/matum.fr\/en\/wp-json\/wp\/v2\/pages\/476","targetHints":{"allow":["GET"]}}],"collection":[{"href":"https:\/\/matum.fr\/en\/wp-json\/wp\/v2\/pages"}],"about":[{"href":"https:\/\/matum.fr\/en\/wp-json\/wp\/v2\/types\/page"}],"author":[{"embeddable":true,"href":"https:\/\/matum.fr\/en\/wp-json\/wp\/v2\/users\/1"}],"replies":[{"embeddable":true,"href":"https:\/\/matum.fr\/en\/wp-json\/wp\/v2\/comments?post=476"}],"version-history":[{"count":67,"href":"https:\/\/matum.fr\/en\/wp-json\/wp\/v2\/pages\/476\/revisions"}],"predecessor-version":[{"id":1687,"href":"https:\/\/matum.fr\/en\/wp-json\/wp\/v2\/pages\/476\/revisions\/1687"}],"wp:attachment":[{"href":"https:\/\/matum.fr\/en\/wp-json\/wp\/v2\/media?parent=476"}],"curies":[{"name":"wp","href":"https:\/\/api.w.org\/{rel}","templated":true}]}}