{"id":1040,"date":"2023-07-02T17:04:15","date_gmt":"2023-07-02T16:04:15","guid":{"rendered":"https:\/\/matum.fr\/?page_id=1040"},"modified":"2023-07-10T17:00:50","modified_gmt":"2023-07-10T16:00:50","slug":"posts","status":"publish","type":"page","link":"https:\/\/matum.fr\/en\/plantes\/posts","title":{"rendered":"Conseils"},"content":{"rendered":"<div data-elementor-type=\"wp-page\" data-elementor-id=\"1040\" class=\"elementor elementor-1040\">\n\t\t\t\t\t\t\t\t\t<section class=\"elementor-section elementor-top-section elementor-element elementor-element-33b4e11 elementor-section-boxed elementor-section-height-default elementor-section-height-default\" data-id=\"33b4e11\" data-element_type=\"section\">\n\t\t\t\t\t\t<div class=\"elementor-container elementor-column-gap-default\">\n\t\t\t\t\t<div class=\"elementor-column elementor-col-100 elementor-top-column elementor-element elementor-element-b3e2dd9\" data-id=\"b3e2dd9\" data-element_type=\"column\">\n\t\t\t<div class=\"elementor-widget-wrap elementor-element-populated\">\n\t\t\t\t\t\t\t\t<div class=\"elementor-element elementor-element-14faad2 elementor-widget elementor-widget-heading\" data-id=\"14faad2\" data-element_type=\"widget\" data-widget_type=\"heading.default\">\n\t\t\t\t<div class=\"elementor-widget-container\">\n\t\t\t<h2 class=\"elementor-heading-title elementor-size-large\">Articles concernant les plantes<\/h2>\t\t<\/div>\n\t\t\t\t<\/div>\n\t\t\t\t\t<\/div>\n\t\t<\/div>\n\t\t\t\t\t\t\t<\/div>\n\t\t<\/section>\n\t\t\t\t<section class=\"elementor-section elementor-top-section elementor-element elementor-element-869f407 elementor-section-boxed elementor-section-height-default elementor-section-height-default\" data-id=\"869f407\" data-element_type=\"section\">\n\t\t\t\t\t\t<div class=\"elementor-container elementor-column-gap-default\">\n\t\t\t\t\t<div class=\"elementor-column elementor-col-100 elementor-top-column elementor-element elementor-element-a8be87f\" data-id=\"a8be87f\" data-element_type=\"column\">\n\t\t\t<div class=\"elementor-widget-wrap elementor-element-populated\">\n\t\t\t\t\t\t\t\t<div class=\"elementor-element elementor-element-97dbb19 elementor-grid-eael-col-3 elementor-grid-tablet-eael-col-2 elementor-grid-mobile-eael-col-1 elementor-widget elementor-widget-eael-post-grid\" data-id=\"97dbb19\" data-element_type=\"widget\" data-settings=\"{&quot;eael_post_grid_columns&quot;:&quot;eael-col-3&quot;,&quot;eael_post_grid_columns_tablet&quot;:&quot;eael-col-2&quot;,&quot;eael_post_grid_columns_mobile&quot;:&quot;eael-col-1&quot;}\" data-widget_type=\"eael-post-grid.default\">\n\t\t\t\t<div class=\"elementor-widget-container\">\n\t\t\t<div id=\"eael-post-grid-97dbb19\" class=\"eael-post-grid-container\">\n            <div class=\"eael-post-grid eael-post-appender eael-post-appender-97dbb19 eael-post-grid-style-default\" data-layout-mode=\"masonry\"><article class=\"eael-grid-post eael-post-grid-column\" data-id=\"1937\">\n        <div class=\"eael-grid-post-holder\">\n            <div class=\"eael-grid-post-holder-inner\"><div class=\"eael-entry-media\"><div class=\"eael-entry-overlay fade-in\"><i class=\"fas fa-book-open\" aria-hidden=\"true\"><\/i><a href=\"https:\/\/matum.fr\/en\/peut-on-dormir-avec-nos-plantes\"><\/a><\/div><div class=\"eael-entry-thumbnail eael-image-ratio\">\n                <img loading=\"lazy\" decoding=\"async\" width=\"768\" height=\"508\" src=\"https:\/\/matum.fr\/wp-content\/uploads\/2023\/07\/rgtrtgr-768x508.jpg\" class=\"attachment-medium_large size-medium_large wp-image-1942\" alt=\"\" srcset=\"https:\/\/matum.fr\/wp-content\/uploads\/2023\/07\/rgtrtgr-768x508.jpg 768w, https:\/\/matum.fr\/wp-content\/uploads\/2023\/07\/rgtrtgr-300x199.jpg 300w, https:\/\/matum.fr\/wp-content\/uploads\/2023\/07\/rgtrtgr-1024x678.jpg 1024w, https:\/\/matum.fr\/wp-content\/uploads\/2023\/07\/rgtrtgr-18x12.jpg 18w, https:\/\/matum.fr\/wp-content\/uploads\/2023\/07\/rgtrtgr-600x397.jpg 600w, https:\/\/matum.fr\/wp-content\/uploads\/2023\/07\/rgtrtgr.jpg 1336w\" sizes=\"auto, (max-width: 768px) 100vw, 768px\" \/>\n            <\/div>\n        <\/div><div class=\"eael-entry-wrapper\"><header class=\"eael-entry-header\"><h2 class=\"eael-entry-title\"><a\n                        class=\"eael-grid-post-link\"\n                        href=\"https:\/\/matum.fr\/en\/peut-on-dormir-avec-nos-plantes\"\n                        title=\"Peut-on dormir avec nos plantes ?\">Peut-on dormir avec nos plantes ?<\/a><\/h2><\/header><div class=\"eael-entry-content\">\n                        <div class=\"eael-grid-post-excerpt\"><p>On casse une id\u00e9e re\u00e7ue<\/p><\/div>\n                    <\/div><\/div><\/div>\n        <\/div>\n    <\/article><article class=\"eael-grid-post eael-post-grid-column\" data-id=\"1047\">\n        <div class=\"eael-grid-post-holder\">\n            <div class=\"eael-grid-post-holder-inner\"><div class=\"eael-entry-media\"><div class=\"eael-entry-overlay fade-in\"><i class=\"fas fa-book-open\" aria-hidden=\"true\"><\/i><a href=\"https:\/\/matum.fr\/en\/substratdionee\"><\/a><\/div><div class=\"eael-entry-thumbnail eael-image-ratio\">\n                <img loading=\"lazy\" decoding=\"async\" width=\"768\" height=\"576\" src=\"https:\/\/matum.fr\/wp-content\/uploads\/2023\/07\/S8-A-768x576.jpg\" class=\"attachment-medium_large size-medium_large wp-image-1804\" alt=\"\" srcset=\"https:\/\/matum.fr\/wp-content\/uploads\/2023\/07\/S8-A-768x576.jpg 768w, https:\/\/matum.fr\/wp-content\/uploads\/2023\/07\/S8-A-300x225.jpg 300w, https:\/\/matum.fr\/wp-content\/uploads\/2023\/07\/S8-A-1024x768.jpg 1024w, https:\/\/matum.fr\/wp-content\/uploads\/2023\/07\/S8-A-1536x1152.jpg 1536w, https:\/\/matum.fr\/wp-content\/uploads\/2023\/07\/S8-A-2048x1536.jpg 2048w, https:\/\/matum.fr\/wp-content\/uploads\/2023\/07\/S8-A-16x12.jpg 16w, https:\/\/matum.fr\/wp-content\/uploads\/2023\/07\/S8-A-600x450.jpg 600w\" sizes=\"auto, (max-width: 768px) 100vw, 768px\" \/>\n            <\/div>\n        <\/div><div class=\"eael-entry-wrapper\"><header class=\"eael-entry-header\"><h2 class=\"eael-entry-title\"><a\n                        class=\"eael-grid-post-link\"\n                        href=\"https:\/\/matum.fr\/en\/substratdionee\"\n                        title=\"Tourbe ou sphaigne pour les Dion\u00e9es ?\">Tourbe ou sphaigne pour les Dion\u00e9es ?<\/a><\/h2><\/header><div class=\"eael-entry-content\">\n                        <div class=\"eael-grid-post-excerpt\"><p>J'ai test\u00e9 les deux, je partage mes r\u00e9sultats<\/p><\/div>\n                    <\/div><\/div><\/div>\n        <\/div>\n    <\/article><\/div>\n            <div class=\"clearfix\"><\/div>\n        <\/div>\t\t<\/div>\n\t\t\t\t<\/div>\n\t\t\t\t\t<\/div>\n\t\t<\/div>\n\t\t\t\t\t\t\t<\/div>\n\t\t<\/section>\n\t\t\t\t\t\t\t<\/div>","protected":false},"excerpt":{"rendered":"<p>Articles concernant les plantes Tourbe ou sphaigne pour les Dion\u00e9es ? J&rsquo;ai test\u00e9 les deux, je partage mes r\u00e9sultats<\/p>","protected":false},"author":1,"featured_media":0,"parent":1108,"menu_order":0,"comment_status":"closed","ping_status":"closed","template":"","meta":{"site-sidebar-layout":"no-sidebar","site-content-layout":"page-builder","ast-global-header-display":"","ast-banner-title-visibility":"","ast-main-header-display":"","ast-hfb-above-header-display":"","ast-hfb-below-header-display":"","ast-hfb-mobile-header-display":"","site-post-title":"disabled","ast-breadcrumbs-content":"","ast-featured-img":"disabled","footer-sml-layout":"","theme-transparent-header-meta":"default","adv-header-id-meta":"","stick-header-meta":"","header-above-stick-meta":"","header-main-stick-meta":"","header-below-stick-meta":"","footnotes":""},"class_list":["post-1040","page","type-page","status-publish","hentry"],"_links":{"self":[{"href":"https:\/\/matum.fr\/en\/wp-json\/wp\/v2\/pages\/1040","targetHints":{"allow":["GET"]}}],"collection":[{"href":"https:\/\/matum.fr\/en\/wp-json\/wp\/v2\/pages"}],"about":[{"href":"https:\/\/matum.fr\/en\/wp-json\/wp\/v2\/types\/page"}],"author":[{"embeddable":true,"href":"https:\/\/matum.fr\/en\/wp-json\/wp\/v2\/users\/1"}],"replies":[{"embeddable":true,"href":"https:\/\/matum.fr\/en\/wp-json\/wp\/v2\/comments?post=1040"}],"version-history":[{"count":37,"href":"https:\/\/matum.fr\/en\/wp-json\/wp\/v2\/pages\/1040\/revisions"}],"predecessor-version":[{"id":1933,"href":"https:\/\/matum.fr\/en\/wp-json\/wp\/v2\/pages\/1040\/revisions\/1933"}],"up":[{"embeddable":true,"href":"https:\/\/matum.fr\/en\/wp-json\/wp\/v2\/pages\/1108"}],"wp:attachment":[{"href":"https:\/\/matum.fr\/en\/wp-json\/wp\/v2\/media?parent=1040"}],"curies":[{"name":"wp","href":"https:\/\/api.w.org\/{rel}","templated":true}]}}